{"id":214,"date":"2024-11-11T20:18:59","date_gmt":"2024-11-11T20:18:59","guid":{"rendered":"https:\/\/spanishpassionmusic.com\/?page_id=214"},"modified":"2025-02-15T23:48:12","modified_gmt":"2025-02-15T23:48:12","slug":"distribution-on-new-platforms-and-emerging-markets","status":"publish","type":"page","link":"https:\/\/spanishpassionmusic.com\/en\/distribution-on-new-platforms-and-emerging-markets\/","title":{"rendered":"Distribution on New Platforms and Emerging Markets"},"content":{"rendered":"<div data-elementor-type=\"wp-page\" data-elementor-id=\"214\" class=\"elementor elementor-214\" data-elementor-post-type=\"page\">\n\t\t\t\t\t\t<section class=\"elementor-section elementor-top-section elementor-element elementor-element-dc2897a elementor-section-height-min-height elementor-section-items-bottom elementor-section-boxed elementor-section-height-default\" data-id=\"dc2897a\" data-element_type=\"section\" data-e-type=\"section\" data-settings=\"{&quot;background_background&quot;:&quot;classic&quot;}\">\n\t\t\t\t\t\t\t<div class=\"elementor-background-overlay\"><\/div>\n\t\t\t\t\t\t\t<div class=\"elementor-container elementor-column-gap-default\">\n\t\t\t\t\t<div class=\"elementor-column elementor-col-100 elementor-top-column elementor-element elementor-element-ce4e983\" data-id=\"ce4e983\" data-element_type=\"column\" data-e-type=\"column\">\n\t\t\t<div class=\"elementor-widget-wrap elementor-element-populated\">\n\t\t\t\t\t\t<div class=\"elementor-element elementor-element-dba5f79 elementor-widget elementor-widget-heading\" data-id=\"dba5f79\" data-element_type=\"widget\" data-e-type=\"widget\" data-widget_type=\"heading.default\">\n\t\t\t\t<div class=\"elementor-widget-container\">\n\t\t\t\t\t<h1 class=\"elementor-heading-title elementor-size-default\">DISTRIBUTION ON NEW PLATFORMS AND EMERGING MARKETS<\/h1>\t\t\t\t<\/div>\n\t\t\t\t<\/div>\n\t\t\t\t<div class=\"elementor-element elementor-element-e1a6ed7 elementor-widget elementor-widget-text-editor\" data-id=\"e1a6ed7\" data-element_type=\"widget\" data-e-type=\"widget\" data-widget_type=\"text-editor.default\">\n\t\t\t\t<div class=\"elementor-widget-container\">\n\t\t\t\t\t\t\t\t\t<p>At <strong>Spanish Passion Music<\/strong>We expand your opportunities to reach listeners all over the world. Our service of <strong>distribution on new platforms and emerging markets<\/strong> connects your music to growing audiences and allows you to tap into expanding international markets.<\/p>\t\t\t\t\t\t\t\t<\/div>\n\t\t\t\t<\/div>\n\t\t\t\t\t<\/div>\n\t\t<\/div>\n\t\t\t\t\t<\/div>\n\t\t<\/section>\n\t\t\t\t<section class=\"elementor-section elementor-top-section elementor-element elementor-element-c4275c2 elementor-section-boxed elementor-section-height-default elementor-section-height-default\" data-id=\"c4275c2\" data-element_type=\"section\" data-e-type=\"section\" data-settings=\"{&quot;background_background&quot;:&quot;classic&quot;}\">\n\t\t\t\t\t\t<div class=\"elementor-container elementor-column-gap-default\">\n\t\t\t\t\t<div class=\"elementor-column elementor-col-50 elementor-top-column elementor-element elementor-element-cbdafdd\" data-id=\"cbdafdd\" data-element_type=\"column\" data-e-type=\"column\">\n\t\t\t<div class=\"elementor-widget-wrap elementor-element-populated\">\n\t\t\t\t\t\t<div class=\"elementor-element elementor-element-9ff2e10 elementor-widget elementor-widget-heading\" data-id=\"9ff2e10\" data-element_type=\"widget\" data-e-type=\"widget\" data-widget_type=\"heading.default\">\n\t\t\t\t<div class=\"elementor-widget-container\">\n\t\t\t\t\t<h2 class=\"elementor-heading-title elementor-size-default\">Expand the Reach of your Music<\/h2>\t\t\t\t<\/div>\n\t\t\t\t<\/div>\n\t\t\t\t<div class=\"elementor-element elementor-element-a7458ec elementor-widget elementor-widget-text-editor\" data-id=\"a7458ec\" data-element_type=\"widget\" data-e-type=\"widget\" data-widget_type=\"text-editor.default\">\n\t\t\t\t<div class=\"elementor-widget-container\">\n\t\t\t\t\t\t\t\t\t<p>Our team is constantly working to give you access to new platforms and emerging markets in different regions. With this option, you can explore new audiences and get your music heard in different parts of the world.<\/p>\t\t\t\t\t\t\t\t<\/div>\n\t\t\t\t<\/div>\n\t\t\t\t\t<\/div>\n\t\t<\/div>\n\t\t\t\t<div class=\"elementor-column elementor-col-50 elementor-top-column elementor-element elementor-element-c0faa7c\" data-id=\"c0faa7c\" data-element_type=\"column\" data-e-type=\"column\">\n\t\t\t<div class=\"elementor-widget-wrap elementor-element-populated\">\n\t\t\t\t\t\t<div class=\"elementor-element elementor-element-d137a64 elementor-widget elementor-widget-image\" data-id=\"d137a64\" data-element_type=\"widget\" data-e-type=\"widget\" data-widget_type=\"image.default\">\n\t\t\t\t<div class=\"elementor-widget-container\">\n\t\t\t\t\t\t\t\t\t\t\t\t\t\t\t<img fetchpriority=\"high\" decoding=\"async\" width=\"800\" height=\"534\" src=\"https:\/\/spanishpassionmusic.com\/wp-content\/uploads\/2024\/11\/imagen-temporal-3-1024x683.webp\" class=\"attachment-large size-large wp-image-251\" alt=\"\" srcset=\"https:\/\/spanishpassionmusic.com\/wp-content\/uploads\/2024\/11\/imagen-temporal-3-1024x683.webp 1024w, https:\/\/spanishpassionmusic.com\/wp-content\/uploads\/2024\/11\/imagen-temporal-3-300x200.webp 300w, https:\/\/spanishpassionmusic.com\/wp-content\/uploads\/2024\/11\/imagen-temporal-3-768x512.webp 768w, https:\/\/spanishpassionmusic.com\/wp-content\/uploads\/2024\/11\/imagen-temporal-3-1536x1024.webp 1536w, https:\/\/spanishpassionmusic.com\/wp-content\/uploads\/2024\/11\/imagen-temporal-3.webp 1792w\" sizes=\"(max-width: 800px) 100vw, 800px\" \/>\t\t\t\t\t\t\t\t\t\t\t\t\t\t\t<\/div>\n\t\t\t\t<\/div>\n\t\t\t\t\t<\/div>\n\t\t<\/div>\n\t\t\t\t\t<\/div>\n\t\t<\/section>\n\t\t\t\t<section class=\"elementor-section elementor-top-section elementor-element elementor-element-c7e7747 elementor-section-boxed elementor-section-height-default elementor-section-height-default\" data-id=\"c7e7747\" data-element_type=\"section\" data-e-type=\"section\" data-settings=\"{&quot;background_background&quot;:&quot;classic&quot;}\">\n\t\t\t\t\t\t<div class=\"elementor-container elementor-column-gap-default\">\n\t\t\t\t\t<div class=\"elementor-column elementor-col-100 elementor-top-column elementor-element elementor-element-d142996\" data-id=\"d142996\" data-element_type=\"column\" data-e-type=\"column\">\n\t\t\t<div class=\"elementor-widget-wrap elementor-element-populated\">\n\t\t\t\t\t\t<div class=\"elementor-element elementor-element-2e34da7 elementor-widget elementor-widget-heading\" data-id=\"2e34da7\" data-element_type=\"widget\" data-e-type=\"widget\" data-widget_type=\"heading.default\">\n\t\t\t\t<div class=\"elementor-widget-container\">\n\t\t\t\t\t<h2 class=\"elementor-heading-title elementor-size-default\">Benefits of Distributing in New Markets<\/h2>\t\t\t\t<\/div>\n\t\t\t\t<\/div>\n\t\t\t\t<div class=\"elementor-element elementor-element-5a5e4d7 elementor-widget elementor-widget-text-editor\" data-id=\"5a5e4d7\" data-element_type=\"widget\" data-e-type=\"widget\" data-widget_type=\"text-editor.default\">\n\t\t\t\t<div class=\"elementor-widget-container\">\n\t\t\t\t\t\t\t\t\t<ul><li><strong>Access to emerging platforms<\/strong> in growing regions.<\/li><li><strong>International distribution opportunities<\/strong> to reach more listeners.<\/li><li><strong>Global growth strategies<\/strong> to maximise your reach.<\/li><\/ul>\t\t\t\t\t\t\t\t<\/div>\n\t\t\t\t<\/div>\n\t\t\t\t<div class=\"elementor-element elementor-element-5010cb6 elementor-align-center elementor-widget elementor-widget-button\" data-id=\"5010cb6\" data-element_type=\"widget\" data-e-type=\"widget\" data-widget_type=\"button.default\">\n\t\t\t\t<div class=\"elementor-widget-container\">\n\t\t\t\t\t\t\t\t\t<div class=\"elementor-button-wrapper\">\n\t\t\t\t\t<a class=\"elementor-button elementor-button-link elementor-size-sm elementor-animation-grow\" href=\"https:\/\/spanishpassionmusic.com\/en\/contact-spanish-passion-music\/\">\n\t\t\t\t\t\t<span class=\"elementor-button-content-wrapper\">\n\t\t\t\t\t\t\t\t\t<span class=\"elementor-button-text\">Expand your Music Internationally<\/span>\n\t\t\t\t\t<\/span>\n\t\t\t\t\t<\/a>\n\t\t\t\t<\/div>\n\t\t\t\t\t\t\t\t<\/div>\n\t\t\t\t<\/div>\n\t\t\t\t\t<\/div>\n\t\t<\/div>\n\t\t\t\t\t<\/div>\n\t\t<\/section>\n\t\t\t\t<\/div>","protected":false},"excerpt":{"rendered":"<p>DISTRIBUCI\u00d3N EN NUEVAS PLATAFORMAS Y MERCADOS EMERGENTES\u200b En Spanish Passion Music, ampliamos tus oportunidades de llegar a oyentes de todo el mundo. Nuestro servicio de distribuci\u00f3n en nuevas plataformas y mercados emergentes conecta tu m\u00fasica con p\u00fablicos en crecimiento y te permite aprovechar mercados internacionales en expansi\u00f3n. Expande el Alcance de tu M\u00fasica Nuestro equipo [&hellip;]<\/p>\n","protected":false},"author":1,"featured_media":0,"parent":0,"menu_order":0,"comment_status":"closed","ping_status":"closed","template":"","meta":{"_acf_changed":false,"footnotes":""},"class_list":["post-214","page","type-page","status-publish","hentry"],"acf":[],"_links":{"self":[{"href":"https:\/\/spanishpassionmusic.com\/en\/wp-json\/wp\/v2\/pages\/214","targetHints":{"allow":["GET"]}}],"collection":[{"href":"https:\/\/spanishpassionmusic.com\/en\/wp-json\/wp\/v2\/pages"}],"about":[{"href":"https:\/\/spanishpassionmusic.com\/en\/wp-json\/wp\/v2\/types\/page"}],"author":[{"embeddable":true,"href":"https:\/\/spanishpassionmusic.com\/en\/wp-json\/wp\/v2\/users\/1"}],"replies":[{"embeddable":true,"href":"https:\/\/spanishpassionmusic.com\/en\/wp-json\/wp\/v2\/comments?post=214"}],"version-history":[{"count":0,"href":"https:\/\/spanishpassionmusic.com\/en\/wp-json\/wp\/v2\/pages\/214\/revisions"}],"wp:attachment":[{"href":"https:\/\/spanishpassionmusic.com\/en\/wp-json\/wp\/v2\/media?parent=214"}],"curies":[{"name":"wp","href":"https:\/\/api.w.org\/{rel}","templated":true}]}}