{"id":188,"date":"2024-11-11T12:47:29","date_gmt":"2024-11-11T12:47:29","guid":{"rendered":"https:\/\/spanishpassionmusic.com\/?page_id=188"},"modified":"2026-03-18T11:48:31","modified_gmt":"2026-03-18T11:48:31","slug":"music-distribution-services-in-spanish-passion-music","status":"publish","type":"page","link":"https:\/\/spanishpassionmusic.com\/en\/music-distribution-services-in-spanish-passion-music\/","title":{"rendered":"Music Distribution Services at Spanish Passion Music"},"content":{"rendered":"<div data-elementor-type=\"wp-page\" data-elementor-id=\"188\" class=\"elementor elementor-188\" data-elementor-post-type=\"page\">\n\t\t\t\t\t\t<section class=\"elementor-section elementor-top-section elementor-element elementor-element-96b43f3 elementor-section-height-min-height elementor-section-boxed elementor-section-height-default elementor-section-items-middle\" data-id=\"96b43f3\" data-element_type=\"section\" data-e-type=\"section\" data-settings=\"{&quot;background_background&quot;:&quot;classic&quot;}\">\n\t\t\t\t\t\t\t<div class=\"elementor-background-overlay\"><\/div>\n\t\t\t\t\t\t\t<div class=\"elementor-container elementor-column-gap-default\">\n\t\t\t\t\t<div class=\"elementor-column elementor-col-100 elementor-top-column elementor-element elementor-element-78f292f\" data-id=\"78f292f\" data-element_type=\"column\" data-e-type=\"column\">\n\t\t\t<div class=\"elementor-widget-wrap elementor-element-populated\">\n\t\t\t\t\t\t<div class=\"elementor-element elementor-element-66975b0 elementor-widget elementor-widget-heading\" data-id=\"66975b0\" data-element_type=\"widget\" data-e-type=\"widget\" data-widget_type=\"heading.default\">\n\t\t\t\t<div class=\"elementor-widget-container\">\n\t\t\t\t\t<h1 class=\"elementor-heading-title elementor-size-default\">Music Distribution Services at Spanish Passion Music<\/h1>\t\t\t\t<\/div>\n\t\t\t\t<\/div>\n\t\t\t\t<div class=\"elementor-element elementor-element-de96f43 elementor-widget elementor-widget-text-editor\" data-id=\"de96f43\" data-element_type=\"widget\" data-e-type=\"widget\" data-widget_type=\"text-editor.default\">\n\t\t\t\t<div class=\"elementor-widget-container\">\n\t\t\t\t\t\t\t\t\t<p>At <strong>Spanish Passion Music<\/strong>We offer a range of services designed to support <strong>independent artists<\/strong> y <strong>record labels<\/strong> in the distribution of your music. Find out how we help you get your talent to every listener.<\/p>\t\t\t\t\t\t\t\t<\/div>\n\t\t\t\t<\/div>\n\t\t\t\t\t<\/div>\n\t\t<\/div>\n\t\t\t\t\t<\/div>\n\t\t<\/section>\n\t\t\t\t<section class=\"elementor-section elementor-top-section elementor-element elementor-element-d3ead2b elementor-section-content-middle elementor-section-boxed elementor-section-height-default elementor-section-height-default\" data-id=\"d3ead2b\" data-element_type=\"section\" data-e-type=\"section\" data-settings=\"{&quot;background_background&quot;:&quot;classic&quot;}\">\n\t\t\t\t\t\t<div class=\"elementor-container elementor-column-gap-default\">\n\t\t\t\t\t<div class=\"elementor-column elementor-col-50 elementor-top-column elementor-element elementor-element-6e6c6f2\" data-id=\"6e6c6f2\" data-element_type=\"column\" data-e-type=\"column\">\n\t\t\t<div class=\"elementor-widget-wrap elementor-element-populated\">\n\t\t\t\t\t\t<div class=\"elementor-element elementor-element-b3a13a6 elementor-widget elementor-widget-image\" data-id=\"b3a13a6\" data-element_type=\"widget\" data-e-type=\"widget\" data-widget_type=\"image.default\">\n\t\t\t\t<div class=\"elementor-widget-container\">\n\t\t\t\t\t\t\t\t\t\t\t\t\t\t\t<img fetchpriority=\"high\" decoding=\"async\" width=\"800\" height=\"532\" src=\"https:\/\/spanishpassionmusic.com\/wp-content\/uploads\/2024\/11\/imagen-temporal-1-1024x681.webp\" class=\"attachment-large size-large wp-image-253\" alt=\"\" srcset=\"https:\/\/spanishpassionmusic.com\/wp-content\/uploads\/2024\/11\/imagen-temporal-1-1024x681.webp 1024w, https:\/\/spanishpassionmusic.com\/wp-content\/uploads\/2024\/11\/imagen-temporal-1-300x200.webp 300w, https:\/\/spanishpassionmusic.com\/wp-content\/uploads\/2024\/11\/imagen-temporal-1-768x511.webp 768w, https:\/\/spanishpassionmusic.com\/wp-content\/uploads\/2024\/11\/imagen-temporal-1-1536x1022.webp 1536w, https:\/\/spanishpassionmusic.com\/wp-content\/uploads\/2024\/11\/imagen-temporal-1.webp 1792w\" sizes=\"(max-width: 800px) 100vw, 800px\" \/>\t\t\t\t\t\t\t\t\t\t\t\t\t\t\t<\/div>\n\t\t\t\t<\/div>\n\t\t\t\t\t<\/div>\n\t\t<\/div>\n\t\t\t\t<div class=\"elementor-column elementor-col-50 elementor-top-column elementor-element elementor-element-87cffe8\" data-id=\"87cffe8\" data-element_type=\"column\" data-e-type=\"column\">\n\t\t\t<div class=\"elementor-widget-wrap elementor-element-populated\">\n\t\t\t\t\t\t<div class=\"elementor-element elementor-element-b711187 elementor-widget elementor-widget-heading\" data-id=\"b711187\" data-element_type=\"widget\" data-e-type=\"widget\" data-widget_type=\"heading.default\">\n\t\t\t\t<div class=\"elementor-widget-container\">\n\t\t\t\t\t<h2 class=\"elementor-heading-title elementor-size-default\">Monetising your Music<\/h2>\t\t\t\t<\/div>\n\t\t\t\t<\/div>\n\t\t\t\t<div class=\"elementor-element elementor-element-92b5231 elementor-widget elementor-widget-text-editor\" data-id=\"92b5231\" data-element_type=\"widget\" data-e-type=\"widget\" data-widget_type=\"text-editor.default\">\n\t\t\t\t<div class=\"elementor-widget-container\">\n\t\t\t\t\t\t\t\t\t<p>With <strong>Spanish Passion Music<\/strong>maximise your revenue on every playback and sale. Our platform for <strong>digital distribution<\/strong> not only ensures that your music is on all major music platforms, but also that your music is <strong>streaming<\/strong>but also makes it easy for you to track your earnings. Easily manage your earnings and access secure withdrawal options, so you can profit from every listen. With our help, turn your releases into a steady source of income.<\/p>\t\t\t\t\t\t\t\t<\/div>\n\t\t\t\t<\/div>\n\t\t\t\t<div class=\"elementor-element elementor-element-5b2e6d4 elementor-align-left elementor-widget elementor-widget-button\" data-id=\"5b2e6d4\" data-element_type=\"widget\" data-e-type=\"widget\" data-widget_type=\"button.default\">\n\t\t\t\t<div class=\"elementor-widget-container\">\n\t\t\t\t\t\t\t\t\t<div class=\"elementor-button-wrapper\">\n\t\t\t\t\t<a class=\"elementor-button elementor-button-link elementor-size-sm elementor-animation-grow\" href=\"https:\/\/spanishpassionmusic.com\/en\/monetising-your-music\/\">\n\t\t\t\t\t\t<span class=\"elementor-button-content-wrapper\">\n\t\t\t\t\t\t\t\t\t<span class=\"elementor-button-text\">Earn Income from your Music<\/span>\n\t\t\t\t\t<\/span>\n\t\t\t\t\t<\/a>\n\t\t\t\t<\/div>\n\t\t\t\t\t\t\t\t<\/div>\n\t\t\t\t<\/div>\n\t\t\t\t\t<\/div>\n\t\t<\/div>\n\t\t\t\t\t<\/div>\n\t\t<\/section>\n\t\t\t\t<section class=\"elementor-section elementor-top-section elementor-element elementor-element-7d0eee4 elementor-section-content-middle elementor-section-boxed elementor-section-height-default elementor-section-height-default\" data-id=\"7d0eee4\" data-element_type=\"section\" data-e-type=\"section\" data-settings=\"{&quot;background_background&quot;:&quot;classic&quot;}\">\n\t\t\t\t\t\t<div class=\"elementor-container elementor-column-gap-default\">\n\t\t\t\t\t<div class=\"elementor-column elementor-col-50 elementor-top-column elementor-element elementor-element-cb1e764\" data-id=\"cb1e764\" data-element_type=\"column\" data-e-type=\"column\">\n\t\t\t<div class=\"elementor-widget-wrap elementor-element-populated\">\n\t\t\t\t\t\t<div class=\"elementor-element elementor-element-d88c567 elementor-widget elementor-widget-heading\" data-id=\"d88c567\" data-element_type=\"widget\" data-e-type=\"widget\" data-widget_type=\"heading.default\">\n\t\t\t\t<div class=\"elementor-widget-container\">\n\t\t\t\t\t<h2 class=\"elementor-heading-title elementor-size-default\">Music Marketing and Promotion<\/h2>\t\t\t\t<\/div>\n\t\t\t\t<\/div>\n\t\t\t\t<div class=\"elementor-element elementor-element-17a604a elementor-widget elementor-widget-text-editor\" data-id=\"17a604a\" data-element_type=\"widget\" data-e-type=\"widget\" data-widget_type=\"text-editor.default\">\n\t\t\t\t<div class=\"elementor-widget-container\">\n\t\t\t\t\t\t\t\t\t<p>Reaching the right audience is essential for any artist. At <strong>Spanish Passion Music<\/strong>we offer the following services <strong>marketing and promotion<\/strong> that boost your presence in the music market. Our team can help you create customised campaigns that will increase your visibility on <strong>Spotify<\/strong>, <strong>Apple Music<\/strong> and other streaming platforms. With our promotional strategies, maximise exposure for your releases and connect with a global audience.<\/p>\t\t\t\t\t\t\t\t<\/div>\n\t\t\t\t<\/div>\n\t\t\t\t<div class=\"elementor-element elementor-element-ce8e42d elementor-align-left elementor-widget elementor-widget-button\" data-id=\"ce8e42d\" data-element_type=\"widget\" data-e-type=\"widget\" data-widget_type=\"button.default\">\n\t\t\t\t<div class=\"elementor-widget-container\">\n\t\t\t\t\t\t\t\t\t<div class=\"elementor-button-wrapper\">\n\t\t\t\t\t<a class=\"elementor-button elementor-button-link elementor-size-sm elementor-animation-grow\" href=\"https:\/\/spanishpassionmusic.com\/en\/music-marketing-and-promotion\/\">\n\t\t\t\t\t\t<span class=\"elementor-button-content-wrapper\">\n\t\t\t\t\t\t\t\t\t<span class=\"elementor-button-text\">Promote your Music<\/span>\n\t\t\t\t\t<\/span>\n\t\t\t\t\t<\/a>\n\t\t\t\t<\/div>\n\t\t\t\t\t\t\t\t<\/div>\n\t\t\t\t<\/div>\n\t\t\t\t\t<\/div>\n\t\t<\/div>\n\t\t\t\t<div class=\"elementor-column elementor-col-50 elementor-top-column elementor-element elementor-element-6be0255\" data-id=\"6be0255\" data-element_type=\"column\" data-e-type=\"column\">\n\t\t\t<div class=\"elementor-widget-wrap elementor-element-populated\">\n\t\t\t\t\t\t<div class=\"elementor-element elementor-element-a2451c4 elementor-widget elementor-widget-image\" data-id=\"a2451c4\" data-element_type=\"widget\" data-e-type=\"widget\" data-widget_type=\"image.default\">\n\t\t\t\t<div class=\"elementor-widget-container\">\n\t\t\t\t\t\t\t\t\t\t\t\t\t\t\t<img decoding=\"async\" width=\"683\" height=\"1024\" src=\"https:\/\/spanishpassionmusic.com\/wp-content\/uploads\/2024\/11\/imagen-temporal-2-683x1024.webp\" class=\"attachment-large size-large wp-image-252\" alt=\"\" srcset=\"https:\/\/spanishpassionmusic.com\/wp-content\/uploads\/2024\/11\/imagen-temporal-2-683x1024.webp 683w, https:\/\/spanishpassionmusic.com\/wp-content\/uploads\/2024\/11\/imagen-temporal-2-200x300.webp 200w, https:\/\/spanishpassionmusic.com\/wp-content\/uploads\/2024\/11\/imagen-temporal-2-768x1152.webp 768w, https:\/\/spanishpassionmusic.com\/wp-content\/uploads\/2024\/11\/imagen-temporal-2-1024x1536.webp 1024w, https:\/\/spanishpassionmusic.com\/wp-content\/uploads\/2024\/11\/imagen-temporal-2-1365x2048.webp 1365w, https:\/\/spanishpassionmusic.com\/wp-content\/uploads\/2024\/11\/imagen-temporal-2-scaled.webp 1707w\" sizes=\"(max-width: 683px) 100vw, 683px\" \/>\t\t\t\t\t\t\t\t\t\t\t\t\t\t\t<\/div>\n\t\t\t\t<\/div>\n\t\t\t\t\t<\/div>\n\t\t<\/div>\n\t\t\t\t\t<\/div>\n\t\t<\/section>\n\t\t\t\t<section class=\"elementor-section elementor-top-section elementor-element elementor-element-c94a2a2 elementor-section-content-middle elementor-section-boxed elementor-section-height-default elementor-section-height-default\" data-id=\"c94a2a2\" data-element_type=\"section\" data-e-type=\"section\" data-settings=\"{&quot;background_background&quot;:&quot;classic&quot;}\">\n\t\t\t\t\t\t<div class=\"elementor-container elementor-column-gap-default\">\n\t\t\t\t\t<div class=\"elementor-column elementor-col-50 elementor-top-column elementor-element elementor-element-40e3208\" data-id=\"40e3208\" data-element_type=\"column\" data-e-type=\"column\">\n\t\t\t<div class=\"elementor-widget-wrap elementor-element-populated\">\n\t\t\t\t\t\t<div class=\"elementor-element elementor-element-7767a3f elementor-widget elementor-widget-image\" data-id=\"7767a3f\" data-element_type=\"widget\" data-e-type=\"widget\" data-widget_type=\"image.default\">\n\t\t\t\t<div class=\"elementor-widget-container\">\n\t\t\t\t\t\t\t\t\t\t\t\t\t\t\t<img decoding=\"async\" width=\"800\" height=\"534\" src=\"https:\/\/spanishpassionmusic.com\/wp-content\/uploads\/2024\/11\/imagen-temporal-3-1024x683.webp\" class=\"attachment-large size-large wp-image-251\" alt=\"\" srcset=\"https:\/\/spanishpassionmusic.com\/wp-content\/uploads\/2024\/11\/imagen-temporal-3-1024x683.webp 1024w, https:\/\/spanishpassionmusic.com\/wp-content\/uploads\/2024\/11\/imagen-temporal-3-300x200.webp 300w, https:\/\/spanishpassionmusic.com\/wp-content\/uploads\/2024\/11\/imagen-temporal-3-768x512.webp 768w, https:\/\/spanishpassionmusic.com\/wp-content\/uploads\/2024\/11\/imagen-temporal-3-1536x1024.webp 1536w, https:\/\/spanishpassionmusic.com\/wp-content\/uploads\/2024\/11\/imagen-temporal-3.webp 1792w\" sizes=\"(max-width: 800px) 100vw, 800px\" \/>\t\t\t\t\t\t\t\t\t\t\t\t\t\t\t<\/div>\n\t\t\t\t<\/div>\n\t\t\t\t\t<\/div>\n\t\t<\/div>\n\t\t\t\t<div class=\"elementor-column elementor-col-50 elementor-top-column elementor-element elementor-element-428d9cb\" data-id=\"428d9cb\" data-element_type=\"column\" data-e-type=\"column\">\n\t\t\t<div class=\"elementor-widget-wrap elementor-element-populated\">\n\t\t\t\t\t\t<div class=\"elementor-element elementor-element-59f03ba elementor-widget elementor-widget-heading\" data-id=\"59f03ba\" data-element_type=\"widget\" data-e-type=\"widget\" data-widget_type=\"heading.default\">\n\t\t\t\t<div class=\"elementor-widget-container\">\n\t\t\t\t\t<h2 class=\"elementor-heading-title elementor-size-default\">Registration of Rights and Protection of your Music<\/h2>\t\t\t\t<\/div>\n\t\t\t\t<\/div>\n\t\t\t\t<div class=\"elementor-element elementor-element-d215899 elementor-widget elementor-widget-text-editor\" data-id=\"d215899\" data-element_type=\"widget\" data-e-type=\"widget\" data-widget_type=\"text-editor.default\">\n\t\t\t\t<div class=\"elementor-widget-container\">\n\t\t\t\t\t\t\t\t\t<p class=\"isSelectedEnd\">Protege tu m\u00fasica en <strong>plataformas digitales<\/strong> con nuestro servicio de gesti\u00f3n de contenidos mediante sistemas como <strong>Content ID<\/strong>. En Spanish Passion Music nos encargamos de <strong>identificar y controlar<\/strong> el uso de tus obras online, asegurando que se reconozca tu autor\u00eda y que puedas monetizar tu contenido, como parte de nuestra distribuci\u00f3n digital, sin implicar labores de edici\u00f3n ni registro de derechos de autor.<\/p>\t\t\t\t\t\t\t\t<\/div>\n\t\t\t\t<\/div>\n\t\t\t\t<div class=\"elementor-element elementor-element-3b6c1bb elementor-align-left elementor-widget elementor-widget-button\" data-id=\"3b6c1bb\" data-element_type=\"widget\" data-e-type=\"widget\" data-widget_type=\"button.default\">\n\t\t\t\t<div class=\"elementor-widget-container\">\n\t\t\t\t\t\t\t\t\t<div class=\"elementor-button-wrapper\">\n\t\t\t\t\t<a class=\"elementor-button elementor-button-link elementor-size-sm elementor-animation-grow\" href=\"https:\/\/spanishpassionmusic.com\/en\/copyright-registration-and-protection-of-your-music\/\">\n\t\t\t\t\t\t<span class=\"elementor-button-content-wrapper\">\n\t\t\t\t\t\t\t\t\t<span class=\"elementor-button-text\">Protect your Music<\/span>\n\t\t\t\t\t<\/span>\n\t\t\t\t\t<\/a>\n\t\t\t\t<\/div>\n\t\t\t\t\t\t\t\t<\/div>\n\t\t\t\t<\/div>\n\t\t\t\t\t<\/div>\n\t\t<\/div>\n\t\t\t\t\t<\/div>\n\t\t<\/section>\n\t\t\t\t<section class=\"elementor-section elementor-top-section elementor-element elementor-element-88c4008 elementor-section-content-middle elementor-section-boxed elementor-section-height-default elementor-section-height-default\" data-id=\"88c4008\" data-element_type=\"section\" data-e-type=\"section\" data-settings=\"{&quot;background_background&quot;:&quot;classic&quot;}\">\n\t\t\t\t\t\t<div class=\"elementor-container elementor-column-gap-default\">\n\t\t\t\t\t<div class=\"elementor-column elementor-col-50 elementor-top-column elementor-element elementor-element-947bc40\" data-id=\"947bc40\" data-element_type=\"column\" data-e-type=\"column\">\n\t\t\t<div class=\"elementor-widget-wrap elementor-element-populated\">\n\t\t\t\t\t\t<div class=\"elementor-element elementor-element-1f3c656 elementor-widget elementor-widget-heading\" data-id=\"1f3c656\" data-element_type=\"widget\" data-e-type=\"widget\" data-widget_type=\"heading.default\">\n\t\t\t\t<div class=\"elementor-widget-container\">\n\t\t\t\t\t<h2 class=\"elementor-heading-title elementor-size-default\">Distribution on New Platforms and Emerging Markets<\/h2>\t\t\t\t<\/div>\n\t\t\t\t<\/div>\n\t\t\t\t<div class=\"elementor-element elementor-element-8ea9af2 elementor-widget elementor-widget-text-editor\" data-id=\"8ea9af2\" data-element_type=\"widget\" data-e-type=\"widget\" data-widget_type=\"text-editor.default\">\n\t\t\t\t<div class=\"elementor-widget-container\">\n\t\t\t\t\t\t\t\t\t<p>In addition to the most popular platforms, <strong>Spanish Passion Music<\/strong> also gives you access to <strong>emerging markets<\/strong> and local platforms around the world. Take advantage of new distribution opportunities in growing regions and connect with diverse audiences. Our network is constantly expanding to take your music everywhere, allowing you to explore and tap into global markets.<\/p>\t\t\t\t\t\t\t\t<\/div>\n\t\t\t\t<\/div>\n\t\t\t\t<div class=\"elementor-element elementor-element-37b9f32 elementor-align-left elementor-widget elementor-widget-button\" data-id=\"37b9f32\" data-element_type=\"widget\" data-e-type=\"widget\" data-widget_type=\"button.default\">\n\t\t\t\t<div class=\"elementor-widget-container\">\n\t\t\t\t\t\t\t\t\t<div class=\"elementor-button-wrapper\">\n\t\t\t\t\t<a class=\"elementor-button elementor-button-link elementor-size-sm elementor-animation-grow\" href=\"https:\/\/spanishpassionmusic.com\/en\/distribution-on-new-platforms-and-emerging-markets\/\">\n\t\t\t\t\t\t<span class=\"elementor-button-content-wrapper\">\n\t\t\t\t\t\t\t\t\t<span class=\"elementor-button-text\">Expand your Music<\/span>\n\t\t\t\t\t<\/span>\n\t\t\t\t\t<\/a>\n\t\t\t\t<\/div>\n\t\t\t\t\t\t\t\t<\/div>\n\t\t\t\t<\/div>\n\t\t\t\t\t<\/div>\n\t\t<\/div>\n\t\t\t\t<div class=\"elementor-column elementor-col-50 elementor-top-column elementor-element elementor-element-25dd307\" data-id=\"25dd307\" data-element_type=\"column\" data-e-type=\"column\">\n\t\t\t<div class=\"elementor-widget-wrap elementor-element-populated\">\n\t\t\t\t\t\t<div class=\"elementor-element elementor-element-ae9a902 elementor-widget elementor-widget-image\" data-id=\"ae9a902\" data-element_type=\"widget\" data-e-type=\"widget\" data-widget_type=\"image.default\">\n\t\t\t\t<div class=\"elementor-widget-container\">\n\t\t\t\t\t\t\t\t\t\t\t\t\t\t\t<img loading=\"lazy\" decoding=\"async\" width=\"800\" height=\"534\" src=\"https:\/\/spanishpassionmusic.com\/wp-content\/uploads\/2024\/11\/imagen-temporal-4-1024x683.webp\" class=\"attachment-large size-large wp-image-250\" alt=\"\" srcset=\"https:\/\/spanishpassionmusic.com\/wp-content\/uploads\/2024\/11\/imagen-temporal-4-1024x683.webp 1024w, https:\/\/spanishpassionmusic.com\/wp-content\/uploads\/2024\/11\/imagen-temporal-4-300x200.webp 300w, https:\/\/spanishpassionmusic.com\/wp-content\/uploads\/2024\/11\/imagen-temporal-4-768x512.webp 768w, https:\/\/spanishpassionmusic.com\/wp-content\/uploads\/2024\/11\/imagen-temporal-4-1536x1024.webp 1536w, https:\/\/spanishpassionmusic.com\/wp-content\/uploads\/2024\/11\/imagen-temporal-4.webp 1792w\" sizes=\"(max-width: 800px) 100vw, 800px\" \/>\t\t\t\t\t\t\t\t\t\t\t\t\t\t\t<\/div>\n\t\t\t\t<\/div>\n\t\t\t\t\t<\/div>\n\t\t<\/div>\n\t\t\t\t\t<\/div>\n\t\t<\/section>\n\t\t\t\t<section class=\"elementor-section elementor-top-section elementor-element elementor-element-47fd359 elementor-section-content-middle elementor-section-boxed elementor-section-height-default elementor-section-height-default\" data-id=\"47fd359\" data-element_type=\"section\" data-e-type=\"section\" data-settings=\"{&quot;background_background&quot;:&quot;classic&quot;}\">\n\t\t\t\t\t\t<div class=\"elementor-container elementor-column-gap-default\">\n\t\t\t\t\t<div class=\"elementor-column elementor-col-100 elementor-top-column elementor-element elementor-element-54673a5\" data-id=\"54673a5\" data-element_type=\"column\" data-e-type=\"column\">\n\t\t\t<div class=\"elementor-widget-wrap elementor-element-populated\">\n\t\t\t\t\t\t<div class=\"elementor-element elementor-element-7dbb7ae elementor-widget elementor-widget-heading\" data-id=\"7dbb7ae\" data-element_type=\"widget\" data-e-type=\"widget\" data-widget_type=\"heading.default\">\n\t\t\t\t<div class=\"elementor-widget-container\">\n\t\t\t\t\t<h2 class=\"elementor-heading-title elementor-size-default\">Take your Music to the Next Level with Spanish Passion Music<\/h2>\t\t\t\t<\/div>\n\t\t\t\t<\/div>\n\t\t\t\t<div class=\"elementor-element elementor-element-24d1cb6 elementor-widget elementor-widget-text-editor\" data-id=\"24d1cb6\" data-element_type=\"widget\" data-e-type=\"widget\" data-widget_type=\"text-editor.default\">\n\t\t\t\t<div class=\"elementor-widget-container\">\n\t\t\t\t\t\t\t\t\t<p>At <strong>Spanish Passion Music<\/strong>We are committed to providing you with all the tools you need to help your talent reach its full potential. From the <strong>digital distribution<\/strong> to the <strong>promotion and monetisation<\/strong>Our team of professionals is here to guide you through every step of your music career. No matter if you are an independent artist or a record label, at <strong>Spanish Passion Music<\/strong> you find the support and expertise you need to connect with a global audience.<\/p>\t\t\t\t\t\t\t\t<\/div>\n\t\t\t\t<\/div>\n\t\t\t\t<div class=\"elementor-element elementor-element-163eb5e elementor-align-center elementor-widget elementor-widget-button\" data-id=\"163eb5e\" data-element_type=\"widget\" data-e-type=\"widget\" data-widget_type=\"button.default\">\n\t\t\t\t<div class=\"elementor-widget-container\">\n\t\t\t\t\t\t\t\t\t<div class=\"elementor-button-wrapper\">\n\t\t\t\t\t<a class=\"elementor-button elementor-button-link elementor-size-sm elementor-animation-grow\" href=\"https:\/\/spanishpassionmusic.com\/en\/distribute-your-music-with-us\/\">\n\t\t\t\t\t\t<span class=\"elementor-button-content-wrapper\">\n\t\t\t\t\t\t\t\t\t<span class=\"elementor-button-text\">Grow Your Music with Us<\/span>\n\t\t\t\t\t<\/span>\n\t\t\t\t\t<\/a>\n\t\t\t\t<\/div>\n\t\t\t\t\t\t\t\t<\/div>\n\t\t\t\t<\/div>\n\t\t\t\t\t<\/div>\n\t\t<\/div>\n\t\t\t\t\t<\/div>\n\t\t<\/section>\n\t\t\t\t<\/div>","protected":false},"excerpt":{"rendered":"<p>Servicios de Distribuci\u00f3n Musical en Spanish Passion Music En Spanish Passion Music, ofrecemos una gama de servicios dise\u00f1ados para apoyar a artistas independientes y sellos discogr\u00e1ficos en la distribuci\u00f3n de su m\u00fasica. Descubre c\u00f3mo te ayudamos a hacer que tu talento llegue a cada oyente. Monetizaci\u00f3n de tu M\u00fasica Con Spanish Passion Music, maximiza tus [&hellip;]<\/p>\n","protected":false},"author":1,"featured_media":0,"parent":0,"menu_order":0,"comment_status":"closed","ping_status":"open","template":"","meta":{"_acf_changed":false,"footnotes":""},"class_list":["post-188","page","type-page","status-publish","hentry"],"acf":[],"_links":{"self":[{"href":"https:\/\/spanishpassionmusic.com\/en\/wp-json\/wp\/v2\/pages\/188","targetHints":{"allow":["GET"]}}],"collection":[{"href":"https:\/\/spanishpassionmusic.com\/en\/wp-json\/wp\/v2\/pages"}],"about":[{"href":"https:\/\/spanishpassionmusic.com\/en\/wp-json\/wp\/v2\/types\/page"}],"author":[{"embeddable":true,"href":"https:\/\/spanishpassionmusic.com\/en\/wp-json\/wp\/v2\/users\/1"}],"replies":[{"embeddable":true,"href":"https:\/\/spanishpassionmusic.com\/en\/wp-json\/wp\/v2\/comments?post=188"}],"version-history":[{"count":3,"href":"https:\/\/spanishpassionmusic.com\/en\/wp-json\/wp\/v2\/pages\/188\/revisions"}],"predecessor-version":[{"id":10563,"href":"https:\/\/spanishpassionmusic.com\/en\/wp-json\/wp\/v2\/pages\/188\/revisions\/10563"}],"wp:attachment":[{"href":"https:\/\/spanishpassionmusic.com\/en\/wp-json\/wp\/v2\/media?parent=188"}],"curies":[{"name":"wp","href":"https:\/\/api.w.org\/{rel}","templated":true}]}}